{"id":2,"date":"2016-01-27T16:24:03","date_gmt":"2016-01-27T15:24:03","guid":{"rendered":"http:\/\/www.oel-engel.de\/blog\/?page_id=2"},"modified":"2016-01-27T17:21:23","modified_gmt":"2016-01-27T16:21:23","slug":"beispiel-seite","status":"publish","type":"page","link":"https:\/\/www.oel-engel.de\/blog\/beispiel-seite\/","title":{"rendered":"\u00dcber uns"},"content":{"rendered":"<p><strong>\u00d6l-Engel \u2013 Schmierstoffhandel<\/strong><\/p>\n<p>Ihr Spezialist f\u00fcr Schmierstoffe, Motor\u00f6le, Getriebe\u00f6le und Hydraulik\u00f6le, und Vertriebspartner f\u00fcr DIVINOL\u00ae und Agip Markenschmierstoffe.<\/p>\n<p>Unsere Zusammenarbeit mit marktf\u00fchrenden Vertriebspartnern erlaubt es uns, ein umfangreiches und hochwertiges Lieferprogramm f\u00fcr Sie bereit zu halten. Es umfasst Schmierstoffe f\u00fcr die Anwendung im Forst-, Garten und Landbau und im Baugewerbe sowie Schmierstoffe, Motor\u00f6le und Spezialprodukte f\u00fcr den gesamten industriellen und automotiven Bereich.<\/p>\n<p><strong>Tradition und Erneuerung:<\/strong><\/p>\n<p>\u00d6l-Engel ist ein unabh\u00e4ngiges Handelsunternehmen f\u00fcr den Vertrieb von erstklassigen Markenschmierstoffen und \u00d6len. Es wurde von Herrn Neumann mit Sitz in Herrnhut gegr\u00fcndet und wird nach dessen Ausscheiden in den verdienten Ruhestand 2007 von dem jetzigen Inhaber Bernd Engel und seiner Frau kunden- und qualit\u00e4tsorientiert weiter gef\u00fchrt.<\/p>\n<p>Viel Spa\u00df!<\/p>\n<p style=\"text-align: center;\"><a href=\"http:\/\/www.oel-engel.de\/\" target=\"_blank\">zum Online Shop \u2026<\/a><\/p>\n","protected":false},"excerpt":{"rendered":"<p>\u00d6l-Engel \u2013 Schmierstoffhandel Ihr Spezialist f\u00fcr Schmierstoffe, Motor\u00f6le, Getriebe\u00f6le und Hydraulik\u00f6le, und Vertriebspartner f\u00fcr DIVINOL\u00ae<\/p>\n","protected":false},"author":1,"featured_media":13,"parent":0,"menu_order":0,"comment_status":"closed","ping_status":"open","template":"","meta":{"footnotes":""},"class_list":["post-2","page","type-page","status-publish","has-post-thumbnail","hentry"],"aioseo_notices":[],"_links":{"self":[{"href":"https:\/\/www.oel-engel.de\/blog\/wp-json\/wp\/v2\/pages\/2","targetHints":{"allow":["GET"]}}],"collection":[{"href":"https:\/\/www.oel-engel.de\/blog\/wp-json\/wp\/v2\/pages"}],"about":[{"href":"https:\/\/www.oel-engel.de\/blog\/wp-json\/wp\/v2\/types\/page"}],"author":[{"embeddable":true,"href":"https:\/\/www.oel-engel.de\/blog\/wp-json\/wp\/v2\/users\/1"}],"replies":[{"embeddable":true,"href":"https:\/\/www.oel-engel.de\/blog\/wp-json\/wp\/v2\/comments?post=2"}],"version-history":[{"count":2,"href":"https:\/\/www.oel-engel.de\/blog\/wp-json\/wp\/v2\/pages\/2\/revisions"}],"predecessor-version":[{"id":12,"href":"https:\/\/www.oel-engel.de\/blog\/wp-json\/wp\/v2\/pages\/2\/revisions\/12"}],"wp:featuredmedia":[{"embeddable":true,"href":"https:\/\/www.oel-engel.de\/blog\/wp-json\/wp\/v2\/media\/13"}],"wp:attachment":[{"href":"https:\/\/www.oel-engel.de\/blog\/wp-json\/wp\/v2\/media?parent=2"}],"curies":[{"name":"wp","href":"https:\/\/api.w.org\/{rel}","templated":true}]}}